{"id":2,"date":"2018-03-12T12:25:01","date_gmt":"2018-03-12T12:25:01","guid":{"rendered":"https:\/\/eec-erneuerbare-energie.at\/?page_id=2"},"modified":"2023-11-10T14:10:32","modified_gmt":"2023-11-10T14:10:32","slug":"sample-page","status":"publish","type":"page","link":"https:\/\/eec-erneuerbare-energie.at\/","title":{"rendered":"\u00dcber uns"},"content":{"rendered":"<p style=\"text-align: left;\">Das Beratungsb\u00fcro EEC Erneuerbare Energie Consulting GmbH hat sich auf die Projektentwicklung und -umsetzung von Erneuerbare-Energie-Projekten spezialisiert.<\/p>\n<h3>\u00d6ko? Logisch! Aber wirtschaftlich.<\/h3>\n<p>Wir haben es uns zur Aufgabe gemacht, wirtschaftliche und umweltschonende Energie-Projekte zu entwickeln und gemeinsam mit Gemeinden, Unternehmen oder Privatpersonen umzusetzen. Dabei legen wir gro\u00dfen Wert darauf, nicht nur einen m\u00f6glichst positiven \u00f6kologischen Fu\u00dfabdruck zu hinterlassen, sondern auch ein wirtschaftlich attraktives Projekt f\u00fcr den Projekttr\u00e4ger zu gestalten.<\/p>\n<h3>Win-Win f\u00fcr Projekttr\u00e4ger und Umwelt.<\/h3>\n<p>Aus Erfahrung wissen wir, dass die Investition in Erneuerbare Energie immer mit anderen, schneller rentableren Investitionen konkurriert. Das Ziel eines Projektes muss daher immer der Spagat zwischen \u00d6kologie und Wirtschaftlichkeit sein, um sowohl f\u00fcr den Auftraggeber als auch f\u00fcr die Umwelt ein bestm\u00f6gliches Resultat zu erzielen.<\/p>\n<h3>Unsere Begabung: Projektmanagement.<\/h3>\n<p>Energie-Projekte ben\u00f6tigen in der Konzeptions- und Planungsphase viel Aufmerksamkeit und Ausdauer. Beh\u00f6rdenwege, F\u00f6rdereinreichungen und Erstgespr\u00e4che mit Projektbeteiligten nehmen viel Zeit in Anspruch. Dabei ist wichtig, dass Informationen und Unterlagen vorbereitet sind und bei den richtigen Projektbeteiligten landen. Wir koordinieren den Informationsfluss, die Projektbeteiligten und Aufgabenteilung und pr\u00fcfen den Projektstand &#8211; immer mit dem Ziel vor Augen. Wir sind Knotenpunkt in einem guten Netzwerk aus technischen B\u00fcros, F\u00f6rderstellen, Gemeinden, Investoren und Entscheidungstr\u00e4gern.<\/p>\n","protected":false},"excerpt":{"rendered":"<p>Das Beratungsb\u00fcro EEC Erneuerbare Energie Consulting GmbH hat sich auf die Projektentwicklung und -umsetzung von Erneuerbare-Energie-Projekten spezialisiert. \u00d6ko? Logisch! Aber wirtschaftlich. Wir haben es uns zur Aufgabe gemacht, wirtschaftliche und umweltschonende Energie-Projekte zu entwickeln und gemeinsam mit Gemeinden, Unternehmen oder Privatpersonen umzusetzen. Dabei legen wir gro\u00dfen Wert darauf, nicht nur einen m\u00f6glichst positiven \u00f6kologischen Fu\u00dfabdruck [&hellip;]<\/p>\n","protected":false},"author":1,"featured_media":0,"parent":0,"menu_order":0,"comment_status":"closed","ping_status":"closed","template":"","meta":{"footnotes":""},"class_list":["post-2","page","type-page","status-publish","hentry"],"yoast_head":"<!-- This site is optimized with the Yoast SEO plugin v21.5 - https:\/\/yoast.com\/wordpress\/plugins\/seo\/ -->\n<title>\u00dcber uns | EEC Erneuerbare Energie Consulting GmbH<\/title>\n<meta name=\"robots\" content=\"index, follow, max-snippet:-1, max-image-preview:large, max-video-preview:-1\" \/>\n<link rel=\"canonical\" href=\"https:\/\/eec-erneuerbare-energie.at\/\" \/>\n<meta property=\"og:locale\" content=\"de_DE\" \/>\n<meta property=\"og:type\" content=\"article\" \/>\n<meta property=\"og:title\" content=\"\u00dcber uns | EEC Erneuerbare Energie Consulting GmbH\" \/>\n<meta property=\"og:description\" content=\"Das Beratungsb\u00fcro EEC Erneuerbare Energie Consulting GmbH hat sich auf die Projektentwicklung und -umsetzung von Erneuerbare-Energie-Projekten spezialisiert. \u00d6ko? Logisch! Aber wirtschaftlich. Wir haben es uns zur Aufgabe gemacht, wirtschaftliche und umweltschonende Energie-Projekte zu entwickeln und gemeinsam mit Gemeinden, Unternehmen oder Privatpersonen umzusetzen. Dabei legen wir gro\u00dfen Wert darauf, nicht nur einen m\u00f6glichst positiven \u00f6kologischen Fu\u00dfabdruck [&hellip;]\" \/>\n<meta property=\"og:url\" content=\"https:\/\/eec-erneuerbare-energie.at\/\" \/>\n<meta property=\"og:site_name\" content=\"EEC Erneuerbare Energie Consulting GmbH\" \/>\n<meta property=\"article:modified_time\" content=\"2023-11-10T14:10:32+00:00\" \/>\n<meta name=\"twitter:card\" content=\"summary_large_image\" \/>\n<meta name=\"twitter:label1\" content=\"Gesch\u00e4tzte Lesezeit\" \/>\n\t<meta name=\"twitter:data1\" content=\"2\u00a0Minuten\" \/>\n<script type=\"application\/ld+json\" class=\"yoast-schema-graph\">{\"@context\":\"https:\/\/schema.org\",\"@graph\":[{\"@type\":\"WebPage\",\"@id\":\"https:\/\/eec-erneuerbare-energie.at\/\",\"url\":\"https:\/\/eec-erneuerbare-energie.at\/\",\"name\":\"\u00dcber uns | EEC Erneuerbare Energie Consulting GmbH\",\"isPartOf\":{\"@id\":\"https:\/\/eec-erneuerbare-energie.at\/#website\"},\"datePublished\":\"2018-03-12T12:25:01+00:00\",\"dateModified\":\"2023-11-10T14:10:32+00:00\",\"breadcrumb\":{\"@id\":\"https:\/\/eec-erneuerbare-energie.at\/#breadcrumb\"},\"inLanguage\":\"de\",\"potentialAction\":[{\"@type\":\"ReadAction\",\"target\":[\"https:\/\/eec-erneuerbare-energie.at\/\"]}]},{\"@type\":\"BreadcrumbList\",\"@id\":\"https:\/\/eec-erneuerbare-energie.at\/#breadcrumb\",\"itemListElement\":[{\"@type\":\"ListItem\",\"position\":1,\"name\":\"Startseite\",\"item\":\"https:\/\/eec-erneuerbare-energie.at\/\"},{\"@type\":\"ListItem\",\"position\":2,\"name\":\"\u00dcber uns\"}]},{\"@type\":\"WebSite\",\"@id\":\"https:\/\/eec-erneuerbare-energie.at\/#website\",\"url\":\"https:\/\/eec-erneuerbare-energie.at\/\",\"name\":\"EEC Erneuerbare Energie Consulting GmbH\",\"description\":\"\u00d6kologische &amp; wirtchaftliche Energieprojekte\",\"publisher\":{\"@id\":\"https:\/\/eec-erneuerbare-energie.at\/#organization\"},\"potentialAction\":[{\"@type\":\"SearchAction\",\"target\":{\"@type\":\"EntryPoint\",\"urlTemplate\":\"https:\/\/eec-erneuerbare-energie.at\/?s={search_term_string}\"},\"query-input\":\"required name=search_term_string\"}],\"inLanguage\":\"de\"},{\"@type\":\"Organization\",\"@id\":\"https:\/\/eec-erneuerbare-energie.at\/#organization\",\"name\":\"EEC Erneuerbare Energie Consulting GmbH\",\"url\":\"https:\/\/eec-erneuerbare-energie.at\/\",\"logo\":{\"@type\":\"ImageObject\",\"inLanguage\":\"de\",\"@id\":\"https:\/\/eec-erneuerbare-energie.at\/#\/schema\/logo\/image\/\",\"url\":\"https:\/\/eec-erneuerbare-energie.at\/wp-content\/uploads\/2018\/03\/cropped-g3850.png\",\"contentUrl\":\"https:\/\/eec-erneuerbare-energie.at\/wp-content\/uploads\/2018\/03\/cropped-g3850.png\",\"width\":1225,\"height\":532,\"caption\":\"EEC Erneuerbare Energie Consulting GmbH\"},\"image\":{\"@id\":\"https:\/\/eec-erneuerbare-energie.at\/#\/schema\/logo\/image\/\"}}]}<\/script>\n<!-- \/ Yoast SEO plugin. -->","yoast_head_json":{"title":"\u00dcber uns | EEC Erneuerbare Energie Consulting GmbH","robots":{"index":"index","follow":"follow","max-snippet":"max-snippet:-1","max-image-preview":"max-image-preview:large","max-video-preview":"max-video-preview:-1"},"canonical":"https:\/\/eec-erneuerbare-energie.at\/","og_locale":"de_DE","og_type":"article","og_title":"\u00dcber uns | EEC Erneuerbare Energie Consulting GmbH","og_description":"Das Beratungsb\u00fcro EEC Erneuerbare Energie Consulting GmbH hat sich auf die Projektentwicklung und -umsetzung von Erneuerbare-Energie-Projekten spezialisiert. \u00d6ko? Logisch! Aber wirtschaftlich. Wir haben es uns zur Aufgabe gemacht, wirtschaftliche und umweltschonende Energie-Projekte zu entwickeln und gemeinsam mit Gemeinden, Unternehmen oder Privatpersonen umzusetzen. Dabei legen wir gro\u00dfen Wert darauf, nicht nur einen m\u00f6glichst positiven \u00f6kologischen Fu\u00dfabdruck [&hellip;]","og_url":"https:\/\/eec-erneuerbare-energie.at\/","og_site_name":"EEC Erneuerbare Energie Consulting GmbH","article_modified_time":"2023-11-10T14:10:32+00:00","twitter_card":"summary_large_image","twitter_misc":{"Gesch\u00e4tzte Lesezeit":"2\u00a0Minuten"},"schema":{"@context":"https:\/\/schema.org","@graph":[{"@type":"WebPage","@id":"https:\/\/eec-erneuerbare-energie.at\/","url":"https:\/\/eec-erneuerbare-energie.at\/","name":"\u00dcber uns | EEC Erneuerbare Energie Consulting GmbH","isPartOf":{"@id":"https:\/\/eec-erneuerbare-energie.at\/#website"},"datePublished":"2018-03-12T12:25:01+00:00","dateModified":"2023-11-10T14:10:32+00:00","breadcrumb":{"@id":"https:\/\/eec-erneuerbare-energie.at\/#breadcrumb"},"inLanguage":"de","potentialAction":[{"@type":"ReadAction","target":["https:\/\/eec-erneuerbare-energie.at\/"]}]},{"@type":"BreadcrumbList","@id":"https:\/\/eec-erneuerbare-energie.at\/#breadcrumb","itemListElement":[{"@type":"ListItem","position":1,"name":"Startseite","item":"https:\/\/eec-erneuerbare-energie.at\/"},{"@type":"ListItem","position":2,"name":"\u00dcber uns"}]},{"@type":"WebSite","@id":"https:\/\/eec-erneuerbare-energie.at\/#website","url":"https:\/\/eec-erneuerbare-energie.at\/","name":"EEC Erneuerbare Energie Consulting GmbH","description":"\u00d6kologische &amp; wirtchaftliche Energieprojekte","publisher":{"@id":"https:\/\/eec-erneuerbare-energie.at\/#organization"},"potentialAction":[{"@type":"SearchAction","target":{"@type":"EntryPoint","urlTemplate":"https:\/\/eec-erneuerbare-energie.at\/?s={search_term_string}"},"query-input":"required name=search_term_string"}],"inLanguage":"de"},{"@type":"Organization","@id":"https:\/\/eec-erneuerbare-energie.at\/#organization","name":"EEC Erneuerbare Energie Consulting GmbH","url":"https:\/\/eec-erneuerbare-energie.at\/","logo":{"@type":"ImageObject","inLanguage":"de","@id":"https:\/\/eec-erneuerbare-energie.at\/#\/schema\/logo\/image\/","url":"https:\/\/eec-erneuerbare-energie.at\/wp-content\/uploads\/2018\/03\/cropped-g3850.png","contentUrl":"https:\/\/eec-erneuerbare-energie.at\/wp-content\/uploads\/2018\/03\/cropped-g3850.png","width":1225,"height":532,"caption":"EEC Erneuerbare Energie Consulting GmbH"},"image":{"@id":"https:\/\/eec-erneuerbare-energie.at\/#\/schema\/logo\/image\/"}}]}},"_links":{"self":[{"href":"https:\/\/eec-erneuerbare-energie.at\/index.php?rest_route=\/wp\/v2\/pages\/2","targetHints":{"allow":["GET"]}}],"collection":[{"href":"https:\/\/eec-erneuerbare-energie.at\/index.php?rest_route=\/wp\/v2\/pages"}],"about":[{"href":"https:\/\/eec-erneuerbare-energie.at\/index.php?rest_route=\/wp\/v2\/types\/page"}],"author":[{"embeddable":true,"href":"https:\/\/eec-erneuerbare-energie.at\/index.php?rest_route=\/wp\/v2\/users\/1"}],"replies":[{"embeddable":true,"href":"https:\/\/eec-erneuerbare-energie.at\/index.php?rest_route=%2Fwp%2Fv2%2Fcomments&post=2"}],"version-history":[{"count":22,"href":"https:\/\/eec-erneuerbare-energie.at\/index.php?rest_route=\/wp\/v2\/pages\/2\/revisions"}],"predecessor-version":[{"id":157,"href":"https:\/\/eec-erneuerbare-energie.at\/index.php?rest_route=\/wp\/v2\/pages\/2\/revisions\/157"}],"wp:attachment":[{"href":"https:\/\/eec-erneuerbare-energie.at\/index.php?rest_route=%2Fwp%2Fv2%2Fmedia&parent=2"}],"curies":[{"name":"wp","href":"https:\/\/api.w.org\/{rel}","templated":true}]}}